{"id":29674,"date":"2026-04-14T21:56:58","date_gmt":"2026-04-14T21:56:58","guid":{"rendered":"https:\/\/www.dockdestock.com\/?page_id=29674"},"modified":"2026-04-17T11:52:34","modified_gmt":"2026-04-17T11:52:34","slug":"impressum","status":"publish","type":"page","link":"https:\/\/www.dockdestock.com\/fr\/impressum\/","title":{"rendered":"Mentions l\u00e9gales"},"content":{"rendered":"<p>FIRMENSITZ<\/p>\n\n\n\n<p><strong>Offizielle Firmenbezeichnung:<\/strong> PLATINUM LOGISTIC AND DEVELOPMENT<br><strong>Handelsname \/ Marke:<\/strong> DOCKDESTOCK<\/p>\n\n\n\n<p><strong>Adresse :<\/strong><br>18 Rue Mundolsheim, Schiltigheim<br>Frankreich<\/p>\n\n\n\n<p><strong>Registrierungsnummern:<\/strong><br>SIRET: 429 173 503 00021<br>Umsatzsteuer-Identifikationsnummer: FR42 429 173 503<\/p>\n\n\n\n<p><strong>Kontakt:<\/strong><br>T\u00e9l\u00e9phone : +33 7 51 45 67 18<br>Courrier \u00e9lectronique : kontakt@dockdestock.com<br>Site web : dockdestock.com<\/p>\n\n\n\n<hr class=\"wp-block-separator has-alpha-channel-opacity\"\/>\n\n\n\n<h2 class=\"wp-block-heading\">MARKENRECHTE<\/h2>\n\n\n\n<p>Die Marke Dockdestock ist eingetragen. Jede vollst\u00e4ndige oder teilweise Vervielf\u00e4ltigung, Darstellung, Verbreitung oder Weiterverbreitung ohne vorherige Genehmigung ist strengstens untersagt und wird gem\u00e4\u00df den Artikeln L.713-2 ff. des franz\u00f6sischen Gesetzbuchs f\u00fcr geistiges Eigentum geahndet.<\/p>\n\n\n\n<h2 class=\"wp-block-heading\">URHEBER- UND SCHUTZRECHTE<\/h2>\n\n\n\n<p>Alle Inhalte dieser Website (Texte, Bilder, Logos, Grafiken usw.) sind ausschlie\u00dfliches Eigentum von Dockdestock und urheberrechtlich gesch\u00fctzt. Jegliche Kopie \u2013 auch auszugsweise \u2013 ist nur zu rein privaten und informativen Zwecken gestattet. Jede andere Nutzung, insbesondere zu kommerziellen Zwecken, ist untersagt. Es wird keinerlei Nutzungs- oder Reproduktionsrecht einger\u00e4umt, mit Ausnahme des Rechts auf Einsichtnahme.<\/p>\n\n\n\n<h2 class=\"wp-block-heading\">HYPERLINKS<\/h2>\n\n\n\n<p>Das Setzen von Links zu unserer Website ist erlaubt, sofern sich der Link in einem neuen Browserfenster \u00f6ffnet. Dockdestock beh\u00e4lt sich jedoch das Recht vor, die Entfernung von Links zu verlangen, die nicht mit der redaktionellen Ausrichtung der Website \u00fcbereinstimmen.<\/p>\n\n\n\n<p>Die Website kann Links zu externen Websites enthalten. Dockdestock hat keinen Einfluss auf deren Inhalte und \u00fcbernimmt keine Verantwortung f\u00fcr die angebotenen Informationen, Produkte oder Dienstleistungen. Die Nutzung solcher externer Inhalte erfolgt auf eigene Gefahr des Nutzers.<\/p>\n\n\n\n<h2 class=\"wp-block-heading\">HOSTING<\/h2>\n\n\n\n<p>Diese Website wird gehostet von: O2SWITCH<\/p>","protected":false},"excerpt":{"rendered":"<p>FIRMENSITZ Offizielle Firmenbezeichnung: PLATINUM LOGISTIC AND DEVELOPMENTHandelsname \/ Marke: DOCKDESTOCK Adresse:18 Rue Mundolsheim, SchiltigheimFrankreich Registrierungsnummern:SIRET: 429 173 503 00021Umsatzsteuer-Identifikationsnummer: FR42<\/p>","protected":false},"author":1,"featured_media":0,"parent":0,"menu_order":0,"comment_status":"closed","ping_status":"closed","template":"","meta":{"footnotes":""},"class_list":["post-29674","page","type-page","status-publish","hentry"],"yoast_head":"<!-- This site is optimized with the Yoast SEO plugin v27.4 - https:\/\/yoast.com\/product\/yoast-seo-wordpress\/ -->\n<title>Impressum - Dockdestock<\/title>\n<meta name=\"robots\" content=\"index, follow, max-snippet:-1, max-image-preview:large, max-video-preview:-1\" \/>\n<link rel=\"canonical\" href=\"https:\/\/www.dockdestock.com\/fr\/impressum\/\" \/>\n<meta property=\"og:locale\" content=\"fr_FR\" \/>\n<meta property=\"og:type\" content=\"article\" \/>\n<meta property=\"og:title\" content=\"Impressum - Dockdestock\" \/>\n<meta property=\"og:description\" content=\"FIRMENSITZ Offizielle Firmenbezeichnung: PLATINUM LOGISTIC AND DEVELOPMENTHandelsname \/ Marke: DOCKDESTOCK Adresse:18 Rue Mundolsheim, SchiltigheimFrankreich Registrierungsnummern:SIRET: 429 173 503 00021Umsatzsteuer-Identifikationsnummer: FR42\" \/>\n<meta property=\"og:url\" content=\"https:\/\/www.dockdestock.com\/fr\/impressum\/\" \/>\n<meta property=\"og:site_name\" content=\"Dockdestock\" \/>\n<meta property=\"article:modified_time\" content=\"2026-04-17T11:52:34+00:00\" \/>\n<meta name=\"twitter:card\" content=\"summary_large_image\" \/>\n<meta name=\"twitter:label1\" content=\"Dur\u00e9e de lecture estim\u00e9e\" \/>\n\t<meta name=\"twitter:data1\" content=\"2 minutes\" \/>\n<script type=\"application\/ld+json\" class=\"yoast-schema-graph\">{\"@context\":\"https:\\\/\\\/schema.org\",\"@graph\":[{\"@type\":\"WebPage\",\"@id\":\"https:\\\/\\\/www.dockdestock.com\\\/impressum\\\/\",\"url\":\"https:\\\/\\\/www.dockdestock.com\\\/impressum\\\/\",\"name\":\"Impressum - Dockdestock\",\"isPartOf\":{\"@id\":\"https:\\\/\\\/www.dockdestock.com\\\/#website\"},\"datePublished\":\"2026-04-14T21:56:58+00:00\",\"dateModified\":\"2026-04-17T11:52:34+00:00\",\"breadcrumb\":{\"@id\":\"https:\\\/\\\/www.dockdestock.com\\\/impressum\\\/#breadcrumb\"},\"inLanguage\":\"fr-FR\",\"potentialAction\":[{\"@type\":\"ReadAction\",\"target\":[\"https:\\\/\\\/www.dockdestock.com\\\/impressum\\\/\"]}]},{\"@type\":\"BreadcrumbList\",\"@id\":\"https:\\\/\\\/www.dockdestock.com\\\/impressum\\\/#breadcrumb\",\"itemListElement\":[{\"@type\":\"ListItem\",\"position\":1,\"name\":\"Accueil\",\"item\":\"https:\\\/\\\/www.dockdestock.com\\\/\"},{\"@type\":\"ListItem\",\"position\":2,\"name\":\"Impressum\"}]},{\"@type\":\"WebSite\",\"@id\":\"https:\\\/\\\/www.dockdestock.com\\\/#website\",\"url\":\"https:\\\/\\\/www.dockdestock.com\\\/\",\"name\":\"Dockdestock\",\"description\":\"Finde bessere Beh\u00e4lter\",\"publisher\":{\"@id\":\"https:\\\/\\\/www.dockdestock.com\\\/#organization\"},\"potentialAction\":[{\"@type\":\"SearchAction\",\"target\":{\"@type\":\"EntryPoint\",\"urlTemplate\":\"https:\\\/\\\/www.dockdestock.com\\\/?s={search_term_string}\"},\"query-input\":{\"@type\":\"PropertyValueSpecification\",\"valueRequired\":true,\"valueName\":\"search_term_string\"}}],\"inLanguage\":\"fr-FR\"},{\"@type\":\"Organization\",\"@id\":\"https:\\\/\\\/www.dockdestock.com\\\/#organization\",\"name\":\"Dockdestock\",\"url\":\"https:\\\/\\\/www.dockdestock.com\\\/\",\"logo\":{\"@type\":\"ImageObject\",\"inLanguage\":\"fr-FR\",\"@id\":\"https:\\\/\\\/www.dockdestock.com\\\/#\\\/schema\\\/logo\\\/image\\\/\",\"url\":\"https:\\\/\\\/www.dockdestock.com\\\/wp-content\\\/uploads\\\/2026\\\/04\\\/cropped-9e63bfaf-7171-497a-945d-4c80f5156688.png\",\"contentUrl\":\"https:\\\/\\\/www.dockdestock.com\\\/wp-content\\\/uploads\\\/2026\\\/04\\\/cropped-9e63bfaf-7171-497a-945d-4c80f5156688.png\",\"width\":512,\"height\":512,\"caption\":\"Dockdestock\"},\"image\":{\"@id\":\"https:\\\/\\\/www.dockdestock.com\\\/#\\\/schema\\\/logo\\\/image\\\/\"}}]}<\/script>\n<!-- \/ Yoast SEO plugin. -->","yoast_head_json":{"title":"Impressum - Dockdestock","robots":{"index":"index","follow":"follow","max-snippet":"max-snippet:-1","max-image-preview":"max-image-preview:large","max-video-preview":"max-video-preview:-1"},"canonical":"https:\/\/www.dockdestock.com\/fr\/impressum\/","og_locale":"fr_FR","og_type":"article","og_title":"Impressum - Dockdestock","og_description":"FIRMENSITZ Offizielle Firmenbezeichnung: PLATINUM LOGISTIC AND DEVELOPMENTHandelsname \/ Marke: DOCKDESTOCK Adresse:18 Rue Mundolsheim, SchiltigheimFrankreich Registrierungsnummern:SIRET: 429 173 503 00021Umsatzsteuer-Identifikationsnummer: FR42","og_url":"https:\/\/www.dockdestock.com\/fr\/impressum\/","og_site_name":"Dockdestock","article_modified_time":"2026-04-17T11:52:34+00:00","twitter_card":"summary_large_image","twitter_misc":{"Dur\u00e9e de lecture estim\u00e9e":"2 minutes"},"schema":{"@context":"https:\/\/schema.org","@graph":[{"@type":"WebPage","@id":"https:\/\/www.dockdestock.com\/impressum\/","url":"https:\/\/www.dockdestock.com\/impressum\/","name":"Impressum - Dockdestock","isPartOf":{"@id":"https:\/\/www.dockdestock.com\/#website"},"datePublished":"2026-04-14T21:56:58+00:00","dateModified":"2026-04-17T11:52:34+00:00","breadcrumb":{"@id":"https:\/\/www.dockdestock.com\/impressum\/#breadcrumb"},"inLanguage":"fr-FR","potentialAction":[{"@type":"ReadAction","target":["https:\/\/www.dockdestock.com\/impressum\/"]}]},{"@type":"BreadcrumbList","@id":"https:\/\/www.dockdestock.com\/impressum\/#breadcrumb","itemListElement":[{"@type":"ListItem","position":1,"name":"Accueil","item":"https:\/\/www.dockdestock.com\/"},{"@type":"ListItem","position":2,"name":"Impressum"}]},{"@type":"WebSite","@id":"https:\/\/www.dockdestock.com\/#website","url":"https:\/\/www.dockdestock.com\/","name":"Dockdestock","description":"Finde bessere Beh\u00e4lter","publisher":{"@id":"https:\/\/www.dockdestock.com\/#organization"},"potentialAction":[{"@type":"SearchAction","target":{"@type":"EntryPoint","urlTemplate":"https:\/\/www.dockdestock.com\/?s={search_term_string}"},"query-input":{"@type":"PropertyValueSpecification","valueRequired":true,"valueName":"search_term_string"}}],"inLanguage":"fr-FR"},{"@type":"Organization","@id":"https:\/\/www.dockdestock.com\/#organization","name":"Dockdestock","url":"https:\/\/www.dockdestock.com\/","logo":{"@type":"ImageObject","inLanguage":"fr-FR","@id":"https:\/\/www.dockdestock.com\/#\/schema\/logo\/image\/","url":"https:\/\/www.dockdestock.com\/wp-content\/uploads\/2026\/04\/cropped-9e63bfaf-7171-497a-945d-4c80f5156688.png","contentUrl":"https:\/\/www.dockdestock.com\/wp-content\/uploads\/2026\/04\/cropped-9e63bfaf-7171-497a-945d-4c80f5156688.png","width":512,"height":512,"caption":"Dockdestock"},"image":{"@id":"https:\/\/www.dockdestock.com\/#\/schema\/logo\/image\/"}}]}},"_links":{"self":[{"href":"https:\/\/www.dockdestock.com\/fr\/wp-json\/wp\/v2\/pages\/29674","targetHints":{"allow":["GET"]}}],"collection":[{"href":"https:\/\/www.dockdestock.com\/fr\/wp-json\/wp\/v2\/pages"}],"about":[{"href":"https:\/\/www.dockdestock.com\/fr\/wp-json\/wp\/v2\/types\/page"}],"author":[{"embeddable":true,"href":"https:\/\/www.dockdestock.com\/fr\/wp-json\/wp\/v2\/users\/1"}],"replies":[{"embeddable":true,"href":"https:\/\/www.dockdestock.com\/fr\/wp-json\/wp\/v2\/comments?post=29674"}],"version-history":[{"count":3,"href":"https:\/\/www.dockdestock.com\/fr\/wp-json\/wp\/v2\/pages\/29674\/revisions"}],"predecessor-version":[{"id":29747,"href":"https:\/\/www.dockdestock.com\/fr\/wp-json\/wp\/v2\/pages\/29674\/revisions\/29747"}],"wp:attachment":[{"href":"https:\/\/www.dockdestock.com\/fr\/wp-json\/wp\/v2\/media?parent=29674"}],"curies":[{"name":"wp","href":"https:\/\/api.w.org\/{rel}","templated":true}]}}