{"id":29680,"date":"2026-04-14T21:59:45","date_gmt":"2026-04-14T21:59:45","guid":{"rendered":"https:\/\/www.dockdestock.com\/?page_id=29680"},"modified":"2026-04-30T14:23:51","modified_gmt":"2026-04-30T14:23:51","slug":"widerrufsbelehrung","status":"publish","type":"page","link":"https:\/\/www.dockdestock.com\/fr\/widerrufsbelehrung\/","title":{"rendered":"Information sur le droit de r\u00e9tractation"},"content":{"rendered":"<p><strong>Anbieter<\/strong><\/p>\n\n\n\n<p>PLATINUM LOGISTIC AND DEVELOPMENT<br>Nom du produit : DOCKDESTOCK<\/p>\n\n\n\n<p>Adresse :<br>18 Rue Mundolsheim<br>67300 Schiltigheim<br>Frankreich<\/p>\n\n\n\n<p>SIRET: 429 173 503 00021<br>Umsatzsteuer-Identifikationsnummer: FR42 429 173 503<\/p>\n\n\n\n<p>T\u00e9l\u00e9phone : +33 7 51 45 67 18<br>Courrier \u00e9lectronique : <a href=\"mailto:kontakt@dockdestock.com\">kontakt@dockdestock.com<\/a><br>Site web : dockdestock.com<\/p>\n\n\n\n<hr class=\"wp-block-separator has-alpha-channel-opacity\"\/>\n\n\n\n<h3 class=\"wp-block-heading\">Droit de r\u00e9tractation<\/h3>\n\n\n\n<p>Verbraucher haben das Recht, binnen vierzehn Tagen ohne Angabe von Gr\u00fcnden diesen Vertrag zu widerrufen.<\/p>\n\n\n\n<p>Die Widerrufsfrist betr\u00e4gt vierzehn Tage ab dem Tag, an dem der Kunde oder ein von ihm benannter Dritter, der nicht der Bef\u00f6rderer ist, die Ware in Besitz genommen hat.<\/p>\n\n\n\n<p>Um das Widerrufsrecht auszu\u00fcben, muss der Kunde uns mittels einer eindeutigen Erkl\u00e4rung (z. B. per E-Mail) \u00fcber seinen Entschluss informieren. Zur eindeutigen Identifizierung der Anfrage sollte der Kunde relevante Bestelldaten angeben.<\/p>\n\n\n\n<hr class=\"wp-block-separator has-alpha-channel-opacity\"\/>\n\n\n\n<h3 class=\"wp-block-heading\">Cons\u00e9quences de la r\u00e9vocation<\/h3>\n\n\n\n<p>Wenn der Kunde diesen Vertrag widerruft, erstatten wir alle Zahlungen, die wir vom Kunden erhalten haben, einschlie\u00dflich der Lieferkosten (mit Ausnahme zus\u00e4tzlicher Kosten, die sich daraus ergeben, dass eine andere Art der Lieferung als die von uns angebotene g\u00fcnstigste Standardlieferung gew\u00e4hlt wurde), unverz\u00fcglich und sp\u00e4testens binnen vierzehn Tagen ab dem Tag, an dem die Mitteilung \u00fcber den Widerruf dieses Vertrags bei uns eingegangen ist.<\/p>\n\n\n\n<p>Wir k\u00f6nnen die R\u00fcckzahlung verweigern, bis wir die Waren wieder zur\u00fcckerhalten haben oder bis der Kunde den Nachweis erbracht hat, dass er die Waren zur\u00fcckgesandt hat, je nachdem, welches der fr\u00fchere Zeitpunkt ist.<\/p>\n\n\n\n<p>F\u00fcr diese R\u00fcckzahlung verwenden wir dasselbe Zahlungsmittel, das der Kunde bei der urspr\u00fcnglichen Transaktion eingesetzt hat, sofern nichts anderes vereinbart wurde.<\/p>\n\n\n\n<hr class=\"wp-block-separator has-alpha-channel-opacity\"\/>\n\n\n\n<h3 class=\"wp-block-heading\">R\u00fccksendung der Ware<\/h3>\n\n\n\n<p>Der Kunde hat die Ware unverz\u00fcglich und in jedem Fall sp\u00e4testens binnen vierzehn Tagen ab dem Tag, an dem er uns \u00fcber den Widerruf unterrichtet, zur\u00fcckzusenden oder zu \u00fcbergeben.<\/p>\n\n\n\n<p>Die Frist ist gewahrt, wenn der Kunde die Ware vor Ablauf der Frist absendet.<\/p>\n\n\n\n<hr class=\"wp-block-separator has-alpha-channel-opacity\"\/>\n\n\n\n<h3 class=\"wp-block-heading\">R\u00fccksendeadresse<\/h3>\n\n\n\n<p>PLATINUM LOGISTIC AND DEVELOPMENT<br>18 Rue Mundolsheim<br>67300 Schiltigheim<br>Frankreich<\/p>\n\n\n\n<hr class=\"wp-block-separator has-alpha-channel-opacity\"\/>\n\n\n\n<h3 class=\"wp-block-heading\">Kosten der R\u00fccksendung<\/h3>\n\n\n\n<p>Der Kunde tr\u00e4gt die unmittelbaren Kosten der R\u00fccksendung der Ware.<\/p>\n\n\n\n<p>Aufgrund der Gr\u00f6\u00dfe und Beschaffenheit der angebotenen Produkte (insbesondere Container) erfolgt die R\u00fccksendung nicht per Standardversand.<\/p>\n\n\n\n<p>Der Kunde ist selbst daf\u00fcr verantwortlich, den R\u00fccktransport zu organisieren (z. B. durch Beauftragung eines geeigneten Transportunternehmens oder eines LKW mit Kran).<\/p>\n\n\n\n<p>Wir bieten keine R\u00fccktransportdienstleistungen an und \u00fcbernehmen weder die Organisation noch die Kosten der R\u00fccksendung.<\/p>\n\n\n\n<p>Die Kosten der R\u00fccksendung k\u00f6nnen je nach Standort und Transportaufwand erheblich sein.<\/p>\n\n\n\n<hr class=\"wp-block-separator has-alpha-channel-opacity\"\/>\n\n\n\n<h3 class=\"wp-block-heading\">Zustand der Ware<\/h3>\n\n\n\n<p>Der Kunde haftet f\u00fcr einen etwaigen Wertverlust der Ware nur, wenn dieser auf einen Umgang zur\u00fcckzuf\u00fchren ist, der zur Pr\u00fcfung der Beschaffenheit, Eigenschaften und Funktionsweise der Ware nicht notwendig war.<\/p>\n\n\n\n<p>Die Ware muss vollst\u00e4ndig und ohne \u00fcberm\u00e4\u00dfige Gebrauchsspuren zur\u00fcckgegeben werden.<\/p>\n\n\n\n<hr class=\"wp-block-separator has-alpha-channel-opacity\"\/>\n\n\n\n<h3 class=\"wp-block-heading\">Besondere Bedingungen f\u00fcr R\u00fcckgaben<\/h3>\n\n\n\n<p>Die R\u00fcckgabe ist nur m\u00f6glich, wenn der Container f\u00fcr den Abtransport zug\u00e4nglich ist.<\/p>\n\n\n\n<p>Der Kunde ist daf\u00fcr verantwortlich, sicherzustellen, dass die Abholung durch ein geeignetes Transportmittel erfolgen kann.<\/p>\n\n\n\n<hr class=\"wp-block-separator has-alpha-channel-opacity\"\/>\n\n\n\n<h3 class=\"wp-block-heading\">Ausschluss- bzw. Erl\u00f6schensgr\u00fcnde<\/h3>\n\n\n\n<p>Das Widerrufsrecht besteht nicht bei Vertr\u00e4gen zur Lieferung von Waren, die nicht vorgefertigt sind und f\u00fcr deren Herstellung eine individuelle Auswahl oder Bestimmung durch den Kunden ma\u00dfgeblich ist oder die eindeutig auf die pers\u00f6nlichen Bed\u00fcrfnisse zugeschnitten sind.<\/p>\n\n\n\n<hr class=\"wp-block-separator has-alpha-channel-opacity\"\/>\n\n\n\n<h3 class=\"wp-block-heading\">Remarque sur la livraison<\/h3>\n\n\n\n<p>Bei Lieferung wird ein \u00dcbergabeprotokoll erstellt, in dem der Zustand der Ware dokumentiert wird.<\/p>\n\n\n\n<p>Diese Dokumentation dient als Referenz und schlie\u00dft gesetzliche Rechte des Kunden nicht aus.<\/p>","protected":false},"excerpt":{"rendered":"<p>Anbieter PLATINUM LOGISTIC AND DEVELOPMENTHandelsname: DOCKDESTOCK Adresse:18 Rue Mundolsheim67300 SchiltigheimFrankreich SIRET: 429 173 503 00021Umsatzsteuer-Identifikationsnummer: FR42 429 173 503 Telefon:<\/p>","protected":false},"author":1,"featured_media":0,"parent":0,"menu_order":0,"comment_status":"closed","ping_status":"closed","template":"","meta":{"footnotes":""},"class_list":["post-29680","page","type-page","status-publish","hentry"],"yoast_head":"<!-- This site is optimized with the Yoast SEO plugin v27.4 - https:\/\/yoast.com\/product\/yoast-seo-wordpress\/ -->\n<title>Widerrufsbelehrung - Dockdestock<\/title>\n<meta name=\"robots\" content=\"index, follow, max-snippet:-1, max-image-preview:large, max-video-preview:-1\" \/>\n<link rel=\"canonical\" href=\"https:\/\/www.dockdestock.com\/fr\/widerrufsbelehrung\/\" \/>\n<meta property=\"og:locale\" content=\"fr_FR\" \/>\n<meta property=\"og:type\" content=\"article\" \/>\n<meta property=\"og:title\" content=\"Widerrufsbelehrung - Dockdestock\" \/>\n<meta property=\"og:description\" content=\"Anbieter PLATINUM LOGISTIC AND DEVELOPMENTHandelsname: DOCKDESTOCK Adresse:18 Rue Mundolsheim67300 SchiltigheimFrankreich SIRET: 429 173 503 00021Umsatzsteuer-Identifikationsnummer: FR42 429 173 503 Telefon:\" \/>\n<meta property=\"og:url\" content=\"https:\/\/www.dockdestock.com\/fr\/widerrufsbelehrung\/\" \/>\n<meta property=\"og:site_name\" content=\"Dockdestock\" \/>\n<meta property=\"article:modified_time\" content=\"2026-04-30T14:23:51+00:00\" \/>\n<meta name=\"twitter:card\" content=\"summary_large_image\" \/>\n<meta name=\"twitter:label1\" content=\"Dur\u00e9e de lecture estim\u00e9e\" \/>\n\t<meta name=\"twitter:data1\" content=\"3 minutes\" \/>\n<script type=\"application\/ld+json\" class=\"yoast-schema-graph\">{\"@context\":\"https:\\\/\\\/schema.org\",\"@graph\":[{\"@type\":\"WebPage\",\"@id\":\"https:\\\/\\\/www.dockdestock.com\\\/widerrufsbelehrung\\\/\",\"url\":\"https:\\\/\\\/www.dockdestock.com\\\/widerrufsbelehrung\\\/\",\"name\":\"Widerrufsbelehrung - Dockdestock\",\"isPartOf\":{\"@id\":\"https:\\\/\\\/www.dockdestock.com\\\/#website\"},\"datePublished\":\"2026-04-14T21:59:45+00:00\",\"dateModified\":\"2026-04-30T14:23:51+00:00\",\"breadcrumb\":{\"@id\":\"https:\\\/\\\/www.dockdestock.com\\\/widerrufsbelehrung\\\/#breadcrumb\"},\"inLanguage\":\"fr-FR\",\"potentialAction\":[{\"@type\":\"ReadAction\",\"target\":[\"https:\\\/\\\/www.dockdestock.com\\\/widerrufsbelehrung\\\/\"]}]},{\"@type\":\"BreadcrumbList\",\"@id\":\"https:\\\/\\\/www.dockdestock.com\\\/widerrufsbelehrung\\\/#breadcrumb\",\"itemListElement\":[{\"@type\":\"ListItem\",\"position\":1,\"name\":\"Accueil\",\"item\":\"https:\\\/\\\/www.dockdestock.com\\\/\"},{\"@type\":\"ListItem\",\"position\":2,\"name\":\"Widerrufsbelehrung\"}]},{\"@type\":\"WebSite\",\"@id\":\"https:\\\/\\\/www.dockdestock.com\\\/#website\",\"url\":\"https:\\\/\\\/www.dockdestock.com\\\/\",\"name\":\"Dockdestock\",\"description\":\"Finde bessere Beh\u00e4lter\",\"publisher\":{\"@id\":\"https:\\\/\\\/www.dockdestock.com\\\/#organization\"},\"potentialAction\":[{\"@type\":\"SearchAction\",\"target\":{\"@type\":\"EntryPoint\",\"urlTemplate\":\"https:\\\/\\\/www.dockdestock.com\\\/?s={search_term_string}\"},\"query-input\":{\"@type\":\"PropertyValueSpecification\",\"valueRequired\":true,\"valueName\":\"search_term_string\"}}],\"inLanguage\":\"fr-FR\"},{\"@type\":\"Organization\",\"@id\":\"https:\\\/\\\/www.dockdestock.com\\\/#organization\",\"name\":\"Dockdestock\",\"url\":\"https:\\\/\\\/www.dockdestock.com\\\/\",\"logo\":{\"@type\":\"ImageObject\",\"inLanguage\":\"fr-FR\",\"@id\":\"https:\\\/\\\/www.dockdestock.com\\\/#\\\/schema\\\/logo\\\/image\\\/\",\"url\":\"https:\\\/\\\/www.dockdestock.com\\\/wp-content\\\/uploads\\\/2026\\\/04\\\/cropped-9e63bfaf-7171-497a-945d-4c80f5156688.png\",\"contentUrl\":\"https:\\\/\\\/www.dockdestock.com\\\/wp-content\\\/uploads\\\/2026\\\/04\\\/cropped-9e63bfaf-7171-497a-945d-4c80f5156688.png\",\"width\":512,\"height\":512,\"caption\":\"Dockdestock\"},\"image\":{\"@id\":\"https:\\\/\\\/www.dockdestock.com\\\/#\\\/schema\\\/logo\\\/image\\\/\"}}]}<\/script>\n<!-- \/ Yoast SEO plugin. -->","yoast_head_json":{"title":"Widerrufsbelehrung - Dockdestock","robots":{"index":"index","follow":"follow","max-snippet":"max-snippet:-1","max-image-preview":"max-image-preview:large","max-video-preview":"max-video-preview:-1"},"canonical":"https:\/\/www.dockdestock.com\/fr\/widerrufsbelehrung\/","og_locale":"fr_FR","og_type":"article","og_title":"Widerrufsbelehrung - Dockdestock","og_description":"Anbieter PLATINUM LOGISTIC AND DEVELOPMENTHandelsname: DOCKDESTOCK Adresse:18 Rue Mundolsheim67300 SchiltigheimFrankreich SIRET: 429 173 503 00021Umsatzsteuer-Identifikationsnummer: FR42 429 173 503 Telefon:","og_url":"https:\/\/www.dockdestock.com\/fr\/widerrufsbelehrung\/","og_site_name":"Dockdestock","article_modified_time":"2026-04-30T14:23:51+00:00","twitter_card":"summary_large_image","twitter_misc":{"Dur\u00e9e de lecture estim\u00e9e":"3 minutes"},"schema":{"@context":"https:\/\/schema.org","@graph":[{"@type":"WebPage","@id":"https:\/\/www.dockdestock.com\/widerrufsbelehrung\/","url":"https:\/\/www.dockdestock.com\/widerrufsbelehrung\/","name":"Widerrufsbelehrung - Dockdestock","isPartOf":{"@id":"https:\/\/www.dockdestock.com\/#website"},"datePublished":"2026-04-14T21:59:45+00:00","dateModified":"2026-04-30T14:23:51+00:00","breadcrumb":{"@id":"https:\/\/www.dockdestock.com\/widerrufsbelehrung\/#breadcrumb"},"inLanguage":"fr-FR","potentialAction":[{"@type":"ReadAction","target":["https:\/\/www.dockdestock.com\/widerrufsbelehrung\/"]}]},{"@type":"BreadcrumbList","@id":"https:\/\/www.dockdestock.com\/widerrufsbelehrung\/#breadcrumb","itemListElement":[{"@type":"ListItem","position":1,"name":"Accueil","item":"https:\/\/www.dockdestock.com\/"},{"@type":"ListItem","position":2,"name":"Widerrufsbelehrung"}]},{"@type":"WebSite","@id":"https:\/\/www.dockdestock.com\/#website","url":"https:\/\/www.dockdestock.com\/","name":"Dockdestock","description":"Finde bessere Beh\u00e4lter","publisher":{"@id":"https:\/\/www.dockdestock.com\/#organization"},"potentialAction":[{"@type":"SearchAction","target":{"@type":"EntryPoint","urlTemplate":"https:\/\/www.dockdestock.com\/?s={search_term_string}"},"query-input":{"@type":"PropertyValueSpecification","valueRequired":true,"valueName":"search_term_string"}}],"inLanguage":"fr-FR"},{"@type":"Organization","@id":"https:\/\/www.dockdestock.com\/#organization","name":"Dockdestock","url":"https:\/\/www.dockdestock.com\/","logo":{"@type":"ImageObject","inLanguage":"fr-FR","@id":"https:\/\/www.dockdestock.com\/#\/schema\/logo\/image\/","url":"https:\/\/www.dockdestock.com\/wp-content\/uploads\/2026\/04\/cropped-9e63bfaf-7171-497a-945d-4c80f5156688.png","contentUrl":"https:\/\/www.dockdestock.com\/wp-content\/uploads\/2026\/04\/cropped-9e63bfaf-7171-497a-945d-4c80f5156688.png","width":512,"height":512,"caption":"Dockdestock"},"image":{"@id":"https:\/\/www.dockdestock.com\/#\/schema\/logo\/image\/"}}]}},"_links":{"self":[{"href":"https:\/\/www.dockdestock.com\/fr\/wp-json\/wp\/v2\/pages\/29680","targetHints":{"allow":["GET"]}}],"collection":[{"href":"https:\/\/www.dockdestock.com\/fr\/wp-json\/wp\/v2\/pages"}],"about":[{"href":"https:\/\/www.dockdestock.com\/fr\/wp-json\/wp\/v2\/types\/page"}],"author":[{"embeddable":true,"href":"https:\/\/www.dockdestock.com\/fr\/wp-json\/wp\/v2\/users\/1"}],"replies":[{"embeddable":true,"href":"https:\/\/www.dockdestock.com\/fr\/wp-json\/wp\/v2\/comments?post=29680"}],"version-history":[{"count":3,"href":"https:\/\/www.dockdestock.com\/fr\/wp-json\/wp\/v2\/pages\/29680\/revisions"}],"predecessor-version":[{"id":29833,"href":"https:\/\/www.dockdestock.com\/fr\/wp-json\/wp\/v2\/pages\/29680\/revisions\/29833"}],"wp:attachment":[{"href":"https:\/\/www.dockdestock.com\/fr\/wp-json\/wp\/v2\/media?parent=29680"}],"curies":[{"name":"wp","href":"https:\/\/api.w.org\/{rel}","templated":true}]}}