{"id":29834,"date":"2026-04-30T14:32:19","date_gmt":"2026-04-30T14:32:19","guid":{"rendered":"https:\/\/www.dockdestock.com\/?page_id=29834"},"modified":"2026-04-30T14:32:22","modified_gmt":"2026-04-30T14:32:22","slug":"lieferung","status":"publish","type":"page","link":"https:\/\/www.dockdestock.com\/fr\/lieferung\/","title":{"rendered":"Livraison"},"content":{"rendered":"<h3 class=\"wp-block-heading\">Zone de livraison<\/h3>\n\n\n\n<p>Nous livrons en Allemagne et en France.<\/p>\n\n\n\n<hr class=\"wp-block-separator has-alpha-channel-opacity\"\/>\n\n\n\n<h3 class=\"wp-block-heading\">D\u00e9lai de livraison<\/h3>\n\n\n\n<p>La livraison est g\u00e9n\u00e9ralement effectu\u00e9e dans un d\u00e9lai de <strong>1 \u00e0 5 jours ouvrables<\/strong> apr\u00e8s r\u00e9ception du paiement.<\/p>\n\n\n\n<p>Le d\u00e9lai de livraison exact peut varier en fonction du lieu, de la disponibilit\u00e9 et du transport.<\/p>\n\n\n\n<p>Le client est inform\u00e9 de la date et de l'heure exactes de livraison avant la livraison, sauf si des informations sp\u00e9cifiques ont \u00e9t\u00e9 fournies lors de la commande.<\/p>\n\n\n\n<hr class=\"wp-block-separator has-alpha-channel-opacity\"\/>\n\n\n\n<h3 class=\"wp-block-heading\">Frais d'exp\u00e9dition<\/h3>\n\n\n\n<p>La livraison est gratuite.<\/p>\n\n\n\n<hr class=\"wp-block-separator has-alpha-channel-opacity\"\/>\n\n\n\n<h3 class=\"wp-block-heading\">Mode de livraison<\/h3>\n\n\n\n<p>La livraison s'effectue selon les besoins par un moyen de transport appropri\u00e9 :<\/p>\n\n\n\n<ul class=\"wp-block-list\">\n<li>Camion standard<\/li>\n\n\n\n<li>ou camion avec grue<\/li>\n<\/ul>\n\n\n\n<p>Le choix du moyen de transport se fait en fonction des exigences de la livraison.<\/p>\n\n\n\n<hr class=\"wp-block-separator has-alpha-channel-opacity\"\/>\n\n\n\n<h3 class=\"wp-block-heading\">Conditions de livraison<\/h3>\n\n\n\n<p>Il incombe au client de s'assurer que les conditions suivantes sont remplies :<\/p>\n\n\n\n<ul class=\"wp-block-list\">\n<li>Le lieu de livraison est accessible \u00e0 un camion<\/li>\n\n\n\n<li>Le sol est stable et plat (pas de boue ou de sol instable, par exemple).<\/li>\n\n\n\n<li>Il y a suffisamment de place pour man\u0153uvrer un camion avec ou sans grue<\/li>\n<\/ul>\n\n\n\n<p>Le client est seul responsable de l'accessibilit\u00e9 et des conditions de d\u00e9chargement sur place.<\/p>\n\n\n\n<hr class=\"wp-block-separator has-alpha-channel-opacity\"\/>\n\n\n\n<h3 class=\"wp-block-heading\">D\u00e9chargement et placement<\/h3>\n\n\n\n<p>Le placement du conteneur se fait en fonction des possibilit\u00e9s sur place.<\/p>\n\n\n\n<p>Le client d\u00e9termine l'emplacement souhait\u00e9, pour autant que les conditions soient remplies.<\/p>\n\n\n\n<p>Si le placement n'est pas possible pour des raisons techniques ou de s\u00e9curit\u00e9, le conducteur d\u00e9cide de la position de rangement s\u00fbre la plus proche possible.<\/p>\n\n\n\n<hr class=\"wp-block-separator has-alpha-channel-opacity\"\/>\n\n\n\n<h3 class=\"wp-block-heading\">\u00c9chec de la livraison<\/h3>\n\n\n\n<p>Si la livraison ne peut pas \u00eatre effectu\u00e9e en raison d'une accessibilit\u00e9 insuffisante ou de l'absence de conditions pr\u00e9alables :<\/p>\n\n\n\n<ul class=\"wp-block-list\">\n<li>une nouvelle date de livraison est convenue dans un d\u00e9lai de 5 jours ouvrables, afin que le client puisse remplir les conditions.<\/li>\n\n\n\n<li>si la livraison n'est toujours pas possible au deuxi\u00e8me rendez-vous, nous nous r\u00e9servons le droit d'annuler la commande<\/li>\n<\/ul>\n\n\n\n<p>Le remboursement s'effectue conform\u00e9ment \u00e0 nos informations sur le droit de r\u00e9tractation.<\/p>\n\n\n\n<hr class=\"wp-block-separator has-alpha-channel-opacity\"\/>\n\n\n\n<h3 class=\"wp-block-heading\">R\u00e9ception de la marchandise<\/h3>\n\n\n\n<p>Lors de la livraison, le client est tenu<\/p>\n\n\n\n<ul class=\"wp-block-list\">\n<li>de v\u00e9rifier l'\u00e9tat de la marchandise<\/li>\n\n\n\n<li>d'enregistrer les \u00e9ventuels dommages ou anomalies<\/li>\n\n\n\n<li>signer le proc\u00e8s-verbal de remise<\/li>\n<\/ul>\n\n\n\n<p>Par sa signature, le client confirme l'\u00e9tat de la marchandise au moment de la livraison.<\/p>\n\n\n\n<hr class=\"wp-block-separator has-alpha-channel-opacity\"\/>\n\n\n\n<h3 class=\"wp-block-heading\">Remarque sur la livraison<\/h3>\n\n\n\n<p>La livraison s'effectue jusqu'au bord du trottoir ou jusqu'\u00e0 un point de d\u00e9chargement accessible.<\/p>\n\n\n\n<p>Toute exigence ou restriction particuli\u00e8re doit \u00eatre communiqu\u00e9e \u00e0 l'avance afin de garantir une livraison sans probl\u00e8me.<\/p>","protected":false},"excerpt":{"rendered":"<p>Liefergebiet Wir liefern nach Deutschland und Frankreich. Lieferzeit Die Lieferung erfolgt in der Regel innerhalb von 1 bis 5 Werktagen<\/p>","protected":false},"author":1,"featured_media":0,"parent":0,"menu_order":0,"comment_status":"closed","ping_status":"closed","template":"","meta":{"footnotes":""},"class_list":["post-29834","page","type-page","status-publish","hentry"],"yoast_head":"<!-- This site is optimized with the Yoast SEO plugin v27.4 - https:\/\/yoast.com\/product\/yoast-seo-wordpress\/ -->\n<title>Lieferung - Dockdestock<\/title>\n<meta name=\"robots\" content=\"index, follow, max-snippet:-1, max-image-preview:large, max-video-preview:-1\" \/>\n<link rel=\"canonical\" href=\"https:\/\/www.dockdestock.com\/fr\/lieferung\/\" \/>\n<meta property=\"og:locale\" content=\"fr_FR\" \/>\n<meta property=\"og:type\" content=\"article\" \/>\n<meta property=\"og:title\" content=\"Lieferung - Dockdestock\" \/>\n<meta property=\"og:description\" content=\"Liefergebiet Wir liefern nach Deutschland und Frankreich. Lieferzeit Die Lieferung erfolgt in der Regel innerhalb von 1 bis 5 Werktagen\" \/>\n<meta property=\"og:url\" content=\"https:\/\/www.dockdestock.com\/fr\/lieferung\/\" \/>\n<meta property=\"og:site_name\" content=\"Dockdestock\" \/>\n<meta property=\"article:modified_time\" content=\"2026-04-30T14:32:22+00:00\" \/>\n<meta name=\"twitter:card\" content=\"summary_large_image\" \/>\n<meta name=\"twitter:label1\" content=\"Dur\u00e9e de lecture estim\u00e9e\" \/>\n\t<meta name=\"twitter:data1\" content=\"2 minutes\" \/>\n<script type=\"application\/ld+json\" class=\"yoast-schema-graph\">{\"@context\":\"https:\\\/\\\/schema.org\",\"@graph\":[{\"@type\":\"WebPage\",\"@id\":\"https:\\\/\\\/www.dockdestock.com\\\/lieferung\\\/\",\"url\":\"https:\\\/\\\/www.dockdestock.com\\\/lieferung\\\/\",\"name\":\"Lieferung - Dockdestock\",\"isPartOf\":{\"@id\":\"https:\\\/\\\/www.dockdestock.com\\\/#website\"},\"datePublished\":\"2026-04-30T14:32:19+00:00\",\"dateModified\":\"2026-04-30T14:32:22+00:00\",\"breadcrumb\":{\"@id\":\"https:\\\/\\\/www.dockdestock.com\\\/lieferung\\\/#breadcrumb\"},\"inLanguage\":\"fr-FR\",\"potentialAction\":[{\"@type\":\"ReadAction\",\"target\":[\"https:\\\/\\\/www.dockdestock.com\\\/lieferung\\\/\"]}]},{\"@type\":\"BreadcrumbList\",\"@id\":\"https:\\\/\\\/www.dockdestock.com\\\/lieferung\\\/#breadcrumb\",\"itemListElement\":[{\"@type\":\"ListItem\",\"position\":1,\"name\":\"Accueil\",\"item\":\"https:\\\/\\\/www.dockdestock.com\\\/\"},{\"@type\":\"ListItem\",\"position\":2,\"name\":\"Lieferung\"}]},{\"@type\":\"WebSite\",\"@id\":\"https:\\\/\\\/www.dockdestock.com\\\/#website\",\"url\":\"https:\\\/\\\/www.dockdestock.com\\\/\",\"name\":\"Dockdestock\",\"description\":\"Finde bessere Beh\u00e4lter\",\"publisher\":{\"@id\":\"https:\\\/\\\/www.dockdestock.com\\\/#organization\"},\"potentialAction\":[{\"@type\":\"SearchAction\",\"target\":{\"@type\":\"EntryPoint\",\"urlTemplate\":\"https:\\\/\\\/www.dockdestock.com\\\/?s={search_term_string}\"},\"query-input\":{\"@type\":\"PropertyValueSpecification\",\"valueRequired\":true,\"valueName\":\"search_term_string\"}}],\"inLanguage\":\"fr-FR\"},{\"@type\":\"Organization\",\"@id\":\"https:\\\/\\\/www.dockdestock.com\\\/#organization\",\"name\":\"Dockdestock\",\"url\":\"https:\\\/\\\/www.dockdestock.com\\\/\",\"logo\":{\"@type\":\"ImageObject\",\"inLanguage\":\"fr-FR\",\"@id\":\"https:\\\/\\\/www.dockdestock.com\\\/#\\\/schema\\\/logo\\\/image\\\/\",\"url\":\"https:\\\/\\\/www.dockdestock.com\\\/wp-content\\\/uploads\\\/2026\\\/04\\\/cropped-9e63bfaf-7171-497a-945d-4c80f5156688.png\",\"contentUrl\":\"https:\\\/\\\/www.dockdestock.com\\\/wp-content\\\/uploads\\\/2026\\\/04\\\/cropped-9e63bfaf-7171-497a-945d-4c80f5156688.png\",\"width\":512,\"height\":512,\"caption\":\"Dockdestock\"},\"image\":{\"@id\":\"https:\\\/\\\/www.dockdestock.com\\\/#\\\/schema\\\/logo\\\/image\\\/\"}}]}<\/script>\n<!-- \/ Yoast SEO plugin. -->","yoast_head_json":{"title":"Lieferung - Dockdestock","robots":{"index":"index","follow":"follow","max-snippet":"max-snippet:-1","max-image-preview":"max-image-preview:large","max-video-preview":"max-video-preview:-1"},"canonical":"https:\/\/www.dockdestock.com\/fr\/lieferung\/","og_locale":"fr_FR","og_type":"article","og_title":"Lieferung - Dockdestock","og_description":"Liefergebiet Wir liefern nach Deutschland und Frankreich. Lieferzeit Die Lieferung erfolgt in der Regel innerhalb von 1 bis 5 Werktagen","og_url":"https:\/\/www.dockdestock.com\/fr\/lieferung\/","og_site_name":"Dockdestock","article_modified_time":"2026-04-30T14:32:22+00:00","twitter_card":"summary_large_image","twitter_misc":{"Dur\u00e9e de lecture estim\u00e9e":"2 minutes"},"schema":{"@context":"https:\/\/schema.org","@graph":[{"@type":"WebPage","@id":"https:\/\/www.dockdestock.com\/lieferung\/","url":"https:\/\/www.dockdestock.com\/lieferung\/","name":"Lieferung - Dockdestock","isPartOf":{"@id":"https:\/\/www.dockdestock.com\/#website"},"datePublished":"2026-04-30T14:32:19+00:00","dateModified":"2026-04-30T14:32:22+00:00","breadcrumb":{"@id":"https:\/\/www.dockdestock.com\/lieferung\/#breadcrumb"},"inLanguage":"fr-FR","potentialAction":[{"@type":"ReadAction","target":["https:\/\/www.dockdestock.com\/lieferung\/"]}]},{"@type":"BreadcrumbList","@id":"https:\/\/www.dockdestock.com\/lieferung\/#breadcrumb","itemListElement":[{"@type":"ListItem","position":1,"name":"Accueil","item":"https:\/\/www.dockdestock.com\/"},{"@type":"ListItem","position":2,"name":"Lieferung"}]},{"@type":"WebSite","@id":"https:\/\/www.dockdestock.com\/#website","url":"https:\/\/www.dockdestock.com\/","name":"Dockdestock","description":"Finde bessere Beh\u00e4lter","publisher":{"@id":"https:\/\/www.dockdestock.com\/#organization"},"potentialAction":[{"@type":"SearchAction","target":{"@type":"EntryPoint","urlTemplate":"https:\/\/www.dockdestock.com\/?s={search_term_string}"},"query-input":{"@type":"PropertyValueSpecification","valueRequired":true,"valueName":"search_term_string"}}],"inLanguage":"fr-FR"},{"@type":"Organization","@id":"https:\/\/www.dockdestock.com\/#organization","name":"Dockdestock","url":"https:\/\/www.dockdestock.com\/","logo":{"@type":"ImageObject","inLanguage":"fr-FR","@id":"https:\/\/www.dockdestock.com\/#\/schema\/logo\/image\/","url":"https:\/\/www.dockdestock.com\/wp-content\/uploads\/2026\/04\/cropped-9e63bfaf-7171-497a-945d-4c80f5156688.png","contentUrl":"https:\/\/www.dockdestock.com\/wp-content\/uploads\/2026\/04\/cropped-9e63bfaf-7171-497a-945d-4c80f5156688.png","width":512,"height":512,"caption":"Dockdestock"},"image":{"@id":"https:\/\/www.dockdestock.com\/#\/schema\/logo\/image\/"}}]}},"_links":{"self":[{"href":"https:\/\/www.dockdestock.com\/fr\/wp-json\/wp\/v2\/pages\/29834","targetHints":{"allow":["GET"]}}],"collection":[{"href":"https:\/\/www.dockdestock.com\/fr\/wp-json\/wp\/v2\/pages"}],"about":[{"href":"https:\/\/www.dockdestock.com\/fr\/wp-json\/wp\/v2\/types\/page"}],"author":[{"embeddable":true,"href":"https:\/\/www.dockdestock.com\/fr\/wp-json\/wp\/v2\/users\/1"}],"replies":[{"embeddable":true,"href":"https:\/\/www.dockdestock.com\/fr\/wp-json\/wp\/v2\/comments?post=29834"}],"version-history":[{"count":1,"href":"https:\/\/www.dockdestock.com\/fr\/wp-json\/wp\/v2\/pages\/29834\/revisions"}],"predecessor-version":[{"id":29835,"href":"https:\/\/www.dockdestock.com\/fr\/wp-json\/wp\/v2\/pages\/29834\/revisions\/29835"}],"wp:attachment":[{"href":"https:\/\/www.dockdestock.com\/fr\/wp-json\/wp\/v2\/media?parent=29834"}],"curies":[{"name":"wp","href":"https:\/\/api.w.org\/{rel}","templated":true}]}}