{"id":4400,"date":"2021-10-12T15:51:09","date_gmt":"2021-10-12T15:51:09","guid":{"rendered":"http:\/\/dummy.xtemos.com\/woodmart2\/elementor\/?page_id=4400"},"modified":"2026-04-14T23:07:09","modified_gmt":"2026-04-14T23:07:09","slug":"uber-uns","status":"publish","type":"page","link":"https:\/\/www.dockdestock.com\/fr\/uber-uns\/","title":{"rendered":"\u00c0 propos de nous"},"content":{"rendered":"<h2 class=\"wp-block-heading\">Gestion de la qualit\u00e9<\/h2>\n\n\n\n<p>Sur <strong>Dockdestock.com<\/strong> nous accordons une grande importance \u00e0 la qualit\u00e9, \u00e0 la s\u00e9curit\u00e9 et \u00e0 la protection de l'environnement. Notre syst\u00e8me de gestion interne couvre l'ensemble des processus dans les domaines de la qualit\u00e9, de l'environnement ainsi que de la s\u00e9curit\u00e9 et de la sant\u00e9 au travail.<\/p>\n\n\n\n<p>Nous nous conformons aux normes internationales telles que ISO 9001 (qualit\u00e9), ISO 14001 (environnement) et ISO 45001 (sant\u00e9 et s\u00e9curit\u00e9 au travail) afin de garantir des processus fiables, contr\u00f4l\u00e9s et optimis\u00e9s en permanence.<\/p>\n\n\n\n<h2 class=\"wp-block-heading\">Notre mission<\/h2>\n\n\n\n<p>Qu'il s'agisse d'un client priv\u00e9 ayant besoin d'un seul conteneur de stockage ou d'une entreprise ayant des besoins plus vastes, il est possible d'utiliser les deux types de conteneurs. <strong>Dockdestock.com<\/strong> offre des solutions fiables, durables et sur mesure.<\/p>\n\n\n\n<p>Notre objectif est de livrer des conteneurs maritimes en <strong>1er voyage (\u00e9tat neuf)<\/strong> qui r\u00e9pondent aux exigences professionnelles les plus \u00e9lev\u00e9es, combin\u00e9es \u00e0 un service client\u00e8le r\u00e9actif et comp\u00e9tent.<\/p>\n\n\n\n<h2 class=\"wp-block-heading\">Histoire de l'entreprise<\/h2>\n\n\n\n<p>Forte d'une solide exp\u00e9rience dans le domaine des conteneurs maritimes et des solutions de stockage, l'entreprise s'est sp\u00e9cialis\u00e9e dans le transport de marchandises. <strong>Dockdestock.com<\/strong> a \u00e9t\u00e9 d\u00e9velopp\u00e9 avec un objectif clair : offrir des produits de haute qualit\u00e9 \u00e0 des prix comp\u00e9titifs.<\/p>\n\n\n\n<p>Notre assortiment comprend entre autres<\/p>\n\n\n\n<ul class=\"wp-block-list\">\n<li>Conteneur maritime 1er voyage<\/li>\n\n\n\n<li>Conteneur de stockage<\/li>\n\n\n\n<li>Solutions modulaires et conteneurs transform\u00e9s<\/li>\n<\/ul>\n\n\n\n<p>Gr\u00e2ce \u00e0 notre expertise, nous servons aussi bien des clients professionnels (construction, industrie, logistique) que des utilisateurs priv\u00e9s.<\/p>\n\n\n\n<h2 class=\"wp-block-heading\">Nos partenaires<\/h2>\n\n\n\n<p>Nous travaillons avec un r\u00e9seau fiable de partenaires logistiques et industriels afin de garantir une grande disponibilit\u00e9 et une qualit\u00e9 constante de nos conteneurs.<\/p>\n\n\n\n<p>Notre collaboration est bas\u00e9e sur des partenariats \u00e0 long terme et des normes de qualit\u00e9 \u00e9lev\u00e9es.<\/p>\n\n\n\n<h2 class=\"wp-block-heading\">Pourquoi choisir Dockdestock.com ?<\/h2>\n\n\n\n<h3 class=\"wp-block-heading\">Fiabilit\u00e9<\/h3>\n\n\n\n<p>Nous garantissons une s\u00e9lection rigoureuse de nos conteneurs ainsi qu'une logistique efficace afin d'assurer des livraisons dans les d\u00e9lais.<\/p>\n\n\n\n<h3 class=\"wp-block-heading\">Service client\u00e8le<\/h3>\n\n\n\n<p>Notre \u00e9quipe se tient \u00e0 votre disposition pour vous conseiller et vous aider \u00e0 trouver la solution de conteneur adapt\u00e9e \u00e0 vos besoins.<\/p>\n\n\n\n<h3 class=\"wp-block-heading\">Un grand choix<\/h3>\n\n\n\n<p>Nous proposons diff\u00e9rentes tailles et mod\u00e8les de conteneurs pour les applications les plus diverses - du stockage au transport en passant par les transformations individuelles.<\/p>\n\n\n\n<h2 class=\"wp-block-heading\">Contactez-nous<\/h2>\n\n\n\n<p>Vous souhaitez en savoir plus sur nos produits ou recevoir une offre ? Notre \u00e9quipe se fera un plaisir de vous aider.<\/p>\n\n\n\n<p><strong>Dockdestock.com<\/strong><br>18 Rue Schiltigheim<br>T\u00e9l\u00e9phone : +33 7 51 45 67 18<br>Courrier \u00e9lectronique : kontakt@dockdestock.com<br>Site web : dockdestock.com<\/p>\n\n\n\n<p><strong>SIRET :<\/strong> 429 173 503 00021<br><strong>Num\u00e9ro de TVA :<\/strong> FR42 429 173 503<\/p>","protected":false},"excerpt":{"rendered":"<p>Qualit\u00e4tsmanagement Bei Dockdestock.com legen wir gr\u00f6\u00dften Wert auf Qualit\u00e4t, Sicherheit und Umweltschutz. Unser internes Managementsystem deckt s\u00e4mtliche Prozesse in den<\/p>","protected":false},"author":1,"featured_media":0,"parent":0,"menu_order":0,"comment_status":"closed","ping_status":"closed","template":"","meta":{"footnotes":""},"class_list":["post-4400","page","type-page","status-publish","hentry"],"yoast_head":"<!-- This site is optimized with the Yoast SEO plugin v27.4 - https:\/\/yoast.com\/product\/yoast-seo-wordpress\/ -->\n<title>\u00dcber uns - Dockdestock<\/title>\n<meta name=\"robots\" content=\"index, follow, max-snippet:-1, max-image-preview:large, max-video-preview:-1\" \/>\n<link rel=\"canonical\" href=\"https:\/\/www.dockdestock.com\/fr\/uber-uns\/\" \/>\n<meta property=\"og:locale\" content=\"fr_FR\" \/>\n<meta property=\"og:type\" content=\"article\" \/>\n<meta property=\"og:title\" content=\"\u00dcber uns - Dockdestock\" \/>\n<meta property=\"og:description\" content=\"Qualit\u00e4tsmanagement Bei Dockdestock.com legen wir gr\u00f6\u00dften Wert auf Qualit\u00e4t, Sicherheit und Umweltschutz. Unser internes Managementsystem deckt s\u00e4mtliche Prozesse in den\" \/>\n<meta property=\"og:url\" content=\"https:\/\/www.dockdestock.com\/fr\/uber-uns\/\" \/>\n<meta property=\"og:site_name\" content=\"Dockdestock\" \/>\n<meta property=\"article:modified_time\" content=\"2026-04-14T23:07:09+00:00\" \/>\n<meta name=\"twitter:card\" content=\"summary_large_image\" \/>\n<meta name=\"twitter:label1\" content=\"Dur\u00e9e de lecture estim\u00e9e\" \/>\n\t<meta name=\"twitter:data1\" content=\"2 minutes\" \/>\n<script type=\"application\/ld+json\" class=\"yoast-schema-graph\">{\"@context\":\"https:\\\/\\\/schema.org\",\"@graph\":[{\"@type\":\"WebPage\",\"@id\":\"https:\\\/\\\/www.dockdestock.com\\\/uber-uns\\\/\",\"url\":\"https:\\\/\\\/www.dockdestock.com\\\/uber-uns\\\/\",\"name\":\"\u00dcber uns - Dockdestock\",\"isPartOf\":{\"@id\":\"https:\\\/\\\/www.dockdestock.com\\\/#website\"},\"datePublished\":\"2021-10-12T15:51:09+00:00\",\"dateModified\":\"2026-04-14T23:07:09+00:00\",\"breadcrumb\":{\"@id\":\"https:\\\/\\\/www.dockdestock.com\\\/uber-uns\\\/#breadcrumb\"},\"inLanguage\":\"fr-FR\",\"potentialAction\":[{\"@type\":\"ReadAction\",\"target\":[\"https:\\\/\\\/www.dockdestock.com\\\/uber-uns\\\/\"]}]},{\"@type\":\"BreadcrumbList\",\"@id\":\"https:\\\/\\\/www.dockdestock.com\\\/uber-uns\\\/#breadcrumb\",\"itemListElement\":[{\"@type\":\"ListItem\",\"position\":1,\"name\":\"Accueil\",\"item\":\"https:\\\/\\\/www.dockdestock.com\\\/\"},{\"@type\":\"ListItem\",\"position\":2,\"name\":\"\u00dcber uns\"}]},{\"@type\":\"WebSite\",\"@id\":\"https:\\\/\\\/www.dockdestock.com\\\/#website\",\"url\":\"https:\\\/\\\/www.dockdestock.com\\\/\",\"name\":\"Dockdestock\",\"description\":\"Finde bessere Beh\u00e4lter\",\"publisher\":{\"@id\":\"https:\\\/\\\/www.dockdestock.com\\\/#organization\"},\"potentialAction\":[{\"@type\":\"SearchAction\",\"target\":{\"@type\":\"EntryPoint\",\"urlTemplate\":\"https:\\\/\\\/www.dockdestock.com\\\/?s={search_term_string}\"},\"query-input\":{\"@type\":\"PropertyValueSpecification\",\"valueRequired\":true,\"valueName\":\"search_term_string\"}}],\"inLanguage\":\"fr-FR\"},{\"@type\":\"Organization\",\"@id\":\"https:\\\/\\\/www.dockdestock.com\\\/#organization\",\"name\":\"Dockdestock\",\"url\":\"https:\\\/\\\/www.dockdestock.com\\\/\",\"logo\":{\"@type\":\"ImageObject\",\"inLanguage\":\"fr-FR\",\"@id\":\"https:\\\/\\\/www.dockdestock.com\\\/#\\\/schema\\\/logo\\\/image\\\/\",\"url\":\"https:\\\/\\\/www.dockdestock.com\\\/wp-content\\\/uploads\\\/2026\\\/04\\\/cropped-9e63bfaf-7171-497a-945d-4c80f5156688.png\",\"contentUrl\":\"https:\\\/\\\/www.dockdestock.com\\\/wp-content\\\/uploads\\\/2026\\\/04\\\/cropped-9e63bfaf-7171-497a-945d-4c80f5156688.png\",\"width\":512,\"height\":512,\"caption\":\"Dockdestock\"},\"image\":{\"@id\":\"https:\\\/\\\/www.dockdestock.com\\\/#\\\/schema\\\/logo\\\/image\\\/\"}}]}<\/script>\n<!-- \/ Yoast SEO plugin. -->","yoast_head_json":{"title":"\u00dcber uns - Dockdestock","robots":{"index":"index","follow":"follow","max-snippet":"max-snippet:-1","max-image-preview":"max-image-preview:large","max-video-preview":"max-video-preview:-1"},"canonical":"https:\/\/www.dockdestock.com\/fr\/uber-uns\/","og_locale":"fr_FR","og_type":"article","og_title":"\u00dcber uns - Dockdestock","og_description":"Qualit\u00e4tsmanagement Bei Dockdestock.com legen wir gr\u00f6\u00dften Wert auf Qualit\u00e4t, Sicherheit und Umweltschutz. Unser internes Managementsystem deckt s\u00e4mtliche Prozesse in den","og_url":"https:\/\/www.dockdestock.com\/fr\/uber-uns\/","og_site_name":"Dockdestock","article_modified_time":"2026-04-14T23:07:09+00:00","twitter_card":"summary_large_image","twitter_misc":{"Dur\u00e9e de lecture estim\u00e9e":"2 minutes"},"schema":{"@context":"https:\/\/schema.org","@graph":[{"@type":"WebPage","@id":"https:\/\/www.dockdestock.com\/uber-uns\/","url":"https:\/\/www.dockdestock.com\/uber-uns\/","name":"\u00dcber uns - Dockdestock","isPartOf":{"@id":"https:\/\/www.dockdestock.com\/#website"},"datePublished":"2021-10-12T15:51:09+00:00","dateModified":"2026-04-14T23:07:09+00:00","breadcrumb":{"@id":"https:\/\/www.dockdestock.com\/uber-uns\/#breadcrumb"},"inLanguage":"fr-FR","potentialAction":[{"@type":"ReadAction","target":["https:\/\/www.dockdestock.com\/uber-uns\/"]}]},{"@type":"BreadcrumbList","@id":"https:\/\/www.dockdestock.com\/uber-uns\/#breadcrumb","itemListElement":[{"@type":"ListItem","position":1,"name":"Accueil","item":"https:\/\/www.dockdestock.com\/"},{"@type":"ListItem","position":2,"name":"\u00dcber uns"}]},{"@type":"WebSite","@id":"https:\/\/www.dockdestock.com\/#website","url":"https:\/\/www.dockdestock.com\/","name":"Dockdestock","description":"Finde bessere Beh\u00e4lter","publisher":{"@id":"https:\/\/www.dockdestock.com\/#organization"},"potentialAction":[{"@type":"SearchAction","target":{"@type":"EntryPoint","urlTemplate":"https:\/\/www.dockdestock.com\/?s={search_term_string}"},"query-input":{"@type":"PropertyValueSpecification","valueRequired":true,"valueName":"search_term_string"}}],"inLanguage":"fr-FR"},{"@type":"Organization","@id":"https:\/\/www.dockdestock.com\/#organization","name":"Dockdestock","url":"https:\/\/www.dockdestock.com\/","logo":{"@type":"ImageObject","inLanguage":"fr-FR","@id":"https:\/\/www.dockdestock.com\/#\/schema\/logo\/image\/","url":"https:\/\/www.dockdestock.com\/wp-content\/uploads\/2026\/04\/cropped-9e63bfaf-7171-497a-945d-4c80f5156688.png","contentUrl":"https:\/\/www.dockdestock.com\/wp-content\/uploads\/2026\/04\/cropped-9e63bfaf-7171-497a-945d-4c80f5156688.png","width":512,"height":512,"caption":"Dockdestock"},"image":{"@id":"https:\/\/www.dockdestock.com\/#\/schema\/logo\/image\/"}}]}},"_links":{"self":[{"href":"https:\/\/www.dockdestock.com\/fr\/wp-json\/wp\/v2\/pages\/4400","targetHints":{"allow":["GET"]}}],"collection":[{"href":"https:\/\/www.dockdestock.com\/fr\/wp-json\/wp\/v2\/pages"}],"about":[{"href":"https:\/\/www.dockdestock.com\/fr\/wp-json\/wp\/v2\/types\/page"}],"author":[{"embeddable":true,"href":"https:\/\/www.dockdestock.com\/fr\/wp-json\/wp\/v2\/users\/1"}],"replies":[{"embeddable":true,"href":"https:\/\/www.dockdestock.com\/fr\/wp-json\/wp\/v2\/comments?post=4400"}],"version-history":[{"count":3,"href":"https:\/\/www.dockdestock.com\/fr\/wp-json\/wp\/v2\/pages\/4400\/revisions"}],"predecessor-version":[{"id":29708,"href":"https:\/\/www.dockdestock.com\/fr\/wp-json\/wp\/v2\/pages\/4400\/revisions\/29708"}],"wp:attachment":[{"href":"https:\/\/www.dockdestock.com\/fr\/wp-json\/wp\/v2\/media?parent=4400"}],"curies":[{"name":"wp","href":"https:\/\/api.w.org\/{rel}","templated":true}]}}