{"id":8785,"date":"2021-11-04T15:40:47","date_gmt":"2021-11-04T15:40:47","guid":{"rendered":"http:\/\/dummy.xtemos.com\/woodmart2\/elementor\/?page_id=8785"},"modified":"2026-04-17T14:59:04","modified_gmt":"2026-04-17T14:59:04","slug":"kontakt","status":"publish","type":"page","link":"https:\/\/www.dockdestock.com\/fr\/kontakt\/","title":{"rendered":"Contact"},"content":{"rendered":"<div data-elementor-type=\"wp-page\" data-elementor-id=\"8785\" class=\"elementor elementor-8785\">\n\t\t\t\t<div class=\"wd-negative-gap elementor-element elementor-element-251e1ed e-flex e-con-boxed e-con e-parent\" data-id=\"251e1ed\" data-element_type=\"container\" data-e-type=\"container\">\n\t\t\t\t\t<div class=\"e-con-inner\">\n\t\t<div class=\"elementor-element elementor-element-6b25527 e-con-full e-flex e-con e-child\" data-id=\"6b25527\" data-element_type=\"container\" data-e-type=\"container\">\n\t\t\t\t<div class=\"elementor-element elementor-element-273798d wd-width-100 elementor-widget elementor-widget-wd_title\" data-id=\"273798d\" data-element_type=\"widget\" data-e-type=\"widget\" data-widget_type=\"wd_title.default\">\n\t\t\t\t<div class=\"elementor-widget-container\">\n\t\t\t\t\t\t\t<div class=\"title-wrapper wd-set-mb reset-last-child wd-title-color-default wd-title-style-bordered wd-title-size-default text-left\">\n\n\t\t\t\n\t\t\t<div class=\"liner-continer\">\n\t\t\t\t<h4 class=\"woodmart-title-container title wd-fontsize-l\">ENVOYEZ-NOUS UN E-MAIL<\/h4> \n\t\t\t\t\t\t\t<\/div>\n\n\t\t\t\t\t<\/div>\n\t\t\t\t\t\t<\/div>\n\t\t\t\t<\/div>\n\t\t\t\t<div class=\"elementor-element elementor-element-6b19744 wd-cf7 elementor-widget elementor-widget-wd_contact_form_7\" data-id=\"6b19744\" data-element_type=\"widget\" data-e-type=\"widget\" data-widget_type=\"wd_contact_form_7.default\">\n\t\t\t\t<div class=\"elementor-widget-container\">\n\t\t\t\t\t\n<div class=\"wpcf7 no-js\" id=\"wpcf7-f29788-o1\" lang=\"fr-FR\" dir=\"ltr\" data-wpcf7-id=\"29788\">\n<div class=\"screen-reader-response\"><p role=\"status\" aria-live=\"polite\" aria-atomic=\"true\"><\/p> <ul><\/ul><\/div>\n<form action=\"\/fr\/wp-json\/wp\/v2\/pages\/8785#wpcf7-f29788-o1\" method=\"post\" class=\"wpcf7-form init\" aria-label=\"Formulaire de contact\" novalidate=\"novalidate\" data-status=\"init\" data-trp-original-action=\"\/fr\/wp-json\/wp\/v2\/pages\/8785#wpcf7-f29788-o1\">\n<fieldset class=\"hidden-fields-container\"><input type=\"hidden\" name=\"_wpcf7\" value=\"29788\" \/><input type=\"hidden\" name=\"_wpcf7_version\" value=\"6.1.5\" \/><input type=\"hidden\" name=\"_wpcf7_locale\" value=\"fr_FR\" \/><input type=\"hidden\" name=\"_wpcf7_unit_tag\" value=\"wpcf7-f29788-o1\" \/><input type=\"hidden\" name=\"_wpcf7_container_post\" value=\"0\" \/><input type=\"hidden\" name=\"_wpcf7_posted_data_hash\" value=\"\" \/>\n<\/fieldset>\n<style>\n.form-row {\n display: flex;\n gap: 15px;\n margin-bottom: 15px;\n}\n\n.form-group {\n flex: 1;\n}\n\n.form-group label {\n font-size: 14px;\n display: block;\n}\n\n.form-group input,\n.form-group select,\n.form-group textarea {\n width: 100%;\n padding: 8px;\n margin-top: 5px;\n}\n\n\/* Mobile *\/\n@media (max-width: 768px) {\n .form-row {\n flex-direction: column;\n }\n}\n<\/style>\n<div class=\"form-container\">\n\t<p><strong>Contact \/ Demande d'offre<\/strong>\n\t<\/p>\n\t<div class=\"form-row\">\n\t\t<div class=\"form-group\">\n\t\t\t<p><label>Votre nom*<br \/>\n<span class=\"wpcf7-form-control-wrap\" data-name=\"your-name\"><input size=\"40\" maxlength=\"400\" class=\"wpcf7-form-control wpcf7-text wpcf7-validates-as-required\" aria-required=\"true\" aria-invalid=\"false\" placeholder=\"Max Mustermann\" value=\"\" type=\"text\" name=\"your-name\" \/><\/span><br \/>\n<\/label>\n\t\t\t<\/p>\n\t\t<\/div>\n\t\t<div class=\"form-group\">\n\t\t\t<p><label>Adresse \u00e9lectronique*<br \/>\n<span class=\"wpcf7-form-control-wrap\" data-name=\"your-email\"><input size=\"40\" maxlength=\"400\" class=\"wpcf7-form-control wpcf7-email wpcf7-validates-as-required wpcf7-text wpcf7-validates-as-email\" aria-required=\"true\" aria-invalid=\"false\" placeholder=\"ihre@email.de\" value=\"\" type=\"email\" name=\"your-email\" \/><\/span><br \/>\n<\/label>\n\t\t\t<\/p>\n\t\t<\/div>\n\t<\/div>\n\t<div class=\"form-row\">\n\t\t<div class=\"form-group\">\n\t\t\t<p><label>Num\u00e9ro de t\u00e9l\u00e9phone<br \/>\n<span class=\"wpcf7-form-control-wrap\" data-name=\"your-phone\"><input size=\"40\" maxlength=\"400\" class=\"wpcf7-form-control wpcf7-tel wpcf7-text wpcf7-validates-as-tel\" aria-invalid=\"false\" placeholder=\"+33 \/ +49 ...\" value=\"\" type=\"tel\" name=\"your-phone\" \/><\/span><br \/>\n<\/label>\n\t\t\t<\/p>\n\t\t<\/div>\n\t\t<div class=\"form-group\">\n\t\t\t<p><label>Type de produit*<br \/>\n<span class=\"wpcf7-form-control-wrap\" data-name=\"product-type\"><select class=\"wpcf7-form-control wpcf7-select wpcf7-validates-as-required\" aria-required=\"true\" aria-invalid=\"false\" name=\"product-type\"><option value=\"Bitte w\u00e4hlen\">Veuillez choisir<\/option><option value=\"Seecontainer (Lager)\">Conteneur maritime (entrep\u00f4t)<\/option><option value=\"B\u00fcrocontainer\">Conteneur de bureau<\/option><option value=\"Sanit\u00e4rcontainer\">Conteneur sanitaire<\/option><option value=\"Verkaufscontainer\">Conteneur de vente<\/option><option value=\"Poolcontainer\">Conteneur de piscine<\/option><option value=\"Anh\u00e4nger \/ Equipment\">Remorque \/ \u00c9quipement<\/option><\/select><\/span><br \/>\n<\/label>\n\t\t\t<\/p>\n\t\t<\/div>\n\t<\/div>\n\t<div class=\"form-row\">\n\t\t<div class=\"form-group\">\n\t\t\t<p><label>Taille<br \/>\n<span class=\"wpcf7-form-control-wrap\" data-name=\"size\"><select class=\"wpcf7-form-control wpcf7-select\" aria-invalid=\"false\" name=\"size\"><option value=\"Nicht sicher\">Pas s\u00fbr<\/option><option value=\"10 Fu\u00df\">10 pieds<\/option><option value=\"20 Fu\u00df\">20 pieds<\/option><option value=\"40 Fu\u00df\">40 pieds<\/option><option value=\"Individuell\">Individuel<\/option><\/select><\/span><br \/>\n<\/label>\n\t\t\t<\/p>\n\t\t<\/div>\n\t\t<div class=\"form-group\">\n\t\t\t<p><label>Lieu de livraison (code postal \/ ville)*<br \/>\n<span class=\"wpcf7-form-control-wrap\" data-name=\"delivery-location\"><input size=\"40\" maxlength=\"400\" class=\"wpcf7-form-control wpcf7-text wpcf7-validates-as-required\" aria-required=\"true\" aria-invalid=\"false\" placeholder=\"par ex. 13001 Berlin\" value=\"\" type=\"text\" name=\"delivery-location\" \/><\/span><br \/>\n<\/label>\n\t\t\t<\/p>\n\t\t<\/div>\n\t<\/div>\n\t<div class=\"form-row\">\n\t\t<div class=\"form-group\">\n\t\t\t<p><label>Option de livraison<br \/>\n<span class=\"wpcf7-form-control-wrap\" data-name=\"delivery-option\"><select class=\"wpcf7-form-control wpcf7-select\" aria-invalid=\"false\" name=\"delivery-option\"><option value=\"Mit Entladung (empfohlen)\">Avec d\u00e9charge (recommand\u00e9)<\/option><option value=\"Ohne Entladung\">Sans d\u00e9charge<\/option><option value=\"Selbstabholung\">Enl\u00e8vement par le client<\/option><\/select><\/span><br \/>\n<\/label>\n\t\t\t<\/p>\n\t\t<\/div>\n\t<\/div>\n\t<div class=\"form-group\">\n\t\t<p><label>Description du projet<br \/>\n<span class=\"wpcf7-form-control-wrap\" data-name=\"message\"><textarea cols=\"40\" rows=\"10\" maxlength=\"2000\" class=\"wpcf7-form-control wpcf7-textarea\" aria-invalid=\"false\" placeholder=\"D\u00e9crivez bri\u00e8vement votre projet...\" name=\"message\"><\/textarea><\/span><br \/>\n<\/label>\n\t\t<\/p>\n\t<\/div>\n\t<p><br \/>\n<label><br \/>\n<span class=\"wpcf7-form-control-wrap\" data-name=\"acceptance-privacy\"><span class=\"wpcf7-form-control wpcf7-acceptance\"><span class=\"wpcf7-list-item\"><input type=\"checkbox\" name=\"acceptance-privacy\" value=\"1\" aria-invalid=\"false\" \/><\/span><\/span><\/span> J'ai lu la d\u00e9claration de confidentialit\u00e9 et je l'accepte.<br \/>\n<\/label>\n\t<\/p>\n\t<p><br \/>\n<input class=\"wpcf7-form-control wpcf7-submit has-spinner\" type=\"submit\" value=\"Envoyer une demande\" \/>\n\t<\/p>\n<\/div><div class=\"wpcf7-response-output\" aria-hidden=\"true\"><\/div>\n<input type=\"hidden\" name=\"trp-form-language\" value=\"fr\"\/><\/form>\n<\/div>\n\t\t\t\t<\/div>\n\t\t\t\t<\/div>\n\t\t\t\t<\/div>\n\t\t<div class=\"elementor-element elementor-element-b93eabe e-con-full e-flex e-con e-child\" data-id=\"b93eabe\" data-element_type=\"container\" data-e-type=\"container\">\n\t\t\t\t<div class=\"elementor-element elementor-element-d9d7fc1 wd-width-100 elementor-widget elementor-widget-wd_title\" data-id=\"d9d7fc1\" data-element_type=\"widget\" data-e-type=\"widget\" data-widget_type=\"wd_title.default\">\n\t\t\t\t<div class=\"elementor-widget-container\">\n\t\t\t\t\t\t\t<div class=\"title-wrapper wd-set-mb reset-last-child wd-title-color-default wd-title-style-bordered wd-title-size-default text-left\">\n\n\t\t\t\n\t\t\t<div class=\"liner-continer\">\n\t\t\t\t<h4 class=\"woodmart-title-container title wd-fontsize-l\">Coordonn\u00e9es<\/h4> \n\t\t\t\t\t\t\t<\/div>\n\n\t\t\t\t\t<\/div>\n\t\t\t\t\t\t<\/div>\n\t\t\t\t<\/div>\n\t\t\t\t<div class=\"elementor-element elementor-element-cad7f86 elementor-widget elementor-widget-html\" data-id=\"cad7f86\" data-element_type=\"widget\" data-e-type=\"widget\" data-widget_type=\"html.default\">\n\t\t\t\t\t<p><strong>Vous avez des questions ou vous souhaitez recevoir une offre personnalis\u00e9e ?<\/strong><\/p>\r\n\r\n<p>\r\nNotre \u00e9quipe est \u00e0 votre disposition pour vous accompagner dans votre projet -\r\nqu'il s'agisse d'un seul conteneur ou d'une solution plus importante.\r\n<\/p>\r\n\r\n<p>\r\nNous vous conseillons personnellement, en toute transparence et sans engagement, afin que vous trouviez rapidement la solution qui vous convient.\r\n<\/p>\r\n\r\n<p>\r\nContactez-nous simplement par e-mail ou par t\u00e9l\u00e9phone - nous vous r\u00e9pondrons g\u00e9n\u00e9ralement dans les 24 heures.\r\n<\/p>\t\t\t\t<\/div>\n\t\t<div class=\"elementor-element elementor-element-de01e4d e-con-full e-flex e-con e-child\" data-id=\"de01e4d\" data-element_type=\"container\" data-e-type=\"container\">\n\t\t<div class=\"elementor-element elementor-element-ba9e656 e-con-full e-flex e-con e-child\" data-id=\"ba9e656\" data-element_type=\"container\" data-e-type=\"container\">\n\t\t\t\t<div class=\"elementor-element elementor-element-62b2ec0 elementor-widget elementor-widget-wd_infobox\" data-id=\"62b2ec0\" data-element_type=\"widget\" data-e-type=\"widget\" data-widget_type=\"wd_infobox.default\">\n\t\t\t\t<div class=\"elementor-widget-container\">\n\t\t\t\t\t\t\t<div class=\"info-box-wrapper\">\n\t\t\t<div class=\"wd-info-box text-left box-icon-align-left box-style-base color-scheme- wd-items-top\">\n\t\t\t\t\t\t\t\t\t<div class=\"box-icon-wrapper  box-with-icon box-icon-simple\">\n\t\t\t\t\t\t<div class=\"info-box-icon\">\n\t\t\t\t\t\t\t\t\t\t\t\t\t\t\t<div class=\"info-svg-wrapper\" style=\"width:40px; height:40px;\"><img decoding=\"async\"  src=\"https:\/\/www.dockdestock.com\/wp-content\/uploads\/2021\/11\/w-cellphone.svg\" title=\"w-cellphone\" loading=\"lazy\" width=\"40\" height=\"40\"><\/div>\t\t\t\t\t\t\t\t\t\t\t\t\t<\/div>\n\t\t\t\t\t<\/div>\n\t\t\t\t\n\t\t\t\t<div class=\"info-box-content\">\n\t\t\t\t\t\n\t\t\t\t\t\n\t\t\t\t\t<div class=\"info-box-inner reset-last-child\"data-elementor-setting-key=\"content\"><p><span style=\"color: #333333;\"><strong>T\u00e9l\u00e9phone :<a href=\"tel:%20(064)%20332-1233\">+33 7 51 45 67 18<\/a><\/strong><\/span><br \/><span style=\"color: #333333;\"><strong>Email :<\/strong><\/span> kontakt@dockdestock.com<\/p>\n<\/div>\n\n\t\t\t\t\t\t\t\t\t<\/div>\n\n\t\t\t\t\t\t\t<\/div>\n\t\t<\/div>\n\t\t\t\t\t\t<\/div>\n\t\t\t\t<\/div>\n\t\t\t\t<div class=\"elementor-element elementor-element-1a83338 elementor-widget elementor-widget-wd_infobox\" data-id=\"1a83338\" data-element_type=\"widget\" data-e-type=\"widget\" data-widget_type=\"wd_infobox.default\">\n\t\t\t\t<div class=\"elementor-widget-container\">\n\t\t\t\t\t\t\t<div class=\"info-box-wrapper\">\n\t\t\t<div class=\"wd-info-box text-left box-icon-align-left box-style-base color-scheme- wd-items-top\">\n\t\t\t\t\t\t\t\t\t<div class=\"box-icon-wrapper  box-with-icon box-icon-simple\">\n\t\t\t\t\t\t<div class=\"info-box-icon\">\n\t\t\t\t\t\t\t\t\t\t\t\t\t\t\t<div class=\"info-svg-wrapper\" style=\"width:40px; height:40px;\"><img decoding=\"async\"  src=\"https:\/\/www.dockdestock.com\/wp-content\/uploads\/2021\/11\/w-airplane.svg\" title=\"w-airplane\" loading=\"lazy\" width=\"40\" height=\"40\"><\/div>\t\t\t\t\t\t\t\t\t\t\t\t\t<\/div>\n\t\t\t\t\t<\/div>\n\t\t\t\t\n\t\t\t\t<div class=\"info-box-content\">\n\t\t\t\t\t\n\t\t\t\t\t\n\t\t\t\t\t<div class=\"info-box-inner reset-last-child\"data-elementor-setting-key=\"content\"><p><strong>Livraison gratuite \u00e0 l'adresse souhait\u00e9e<\/strong><\/p>\n<\/div>\n\n\t\t\t\t\t\t\t\t\t<\/div>\n\n\t\t\t\t\t\t\t<\/div>\n\t\t<\/div>\n\t\t\t\t\t\t<\/div>\n\t\t\t\t<\/div>\n\t\t\t\t<\/div>\n\t\t<div class=\"elementor-element elementor-element-f908e90 e-con-full e-flex e-con e-child\" data-id=\"f908e90\" data-element_type=\"container\" data-e-type=\"container\">\n\t\t\t\t<div class=\"elementor-element elementor-element-6050f50 elementor-widget elementor-widget-wd_infobox\" data-id=\"6050f50\" data-element_type=\"widget\" data-e-type=\"widget\" data-widget_type=\"wd_infobox.default\">\n\t\t\t\t<div class=\"elementor-widget-container\">\n\t\t\t\t\t\t\t<div class=\"info-box-wrapper\">\n\t\t\t<div class=\"wd-info-box text-left box-icon-align-left box-style-base color-scheme- wd-items-top\">\n\t\t\t\t\t\t\t\t\t<div class=\"box-icon-wrapper  box-with-icon box-icon-simple\">\n\t\t\t\t\t\t<div class=\"info-box-icon\">\n\t\t\t\t\t\t\t\t\t\t\t\t\t\t\t<div class=\"info-svg-wrapper\" style=\"width:40px; height:40px;\"><img decoding=\"async\"  src=\"https:\/\/www.dockdestock.com\/wp-content\/uploads\/2021\/11\/w-chat.svg\" title=\"w-chat\" loading=\"lazy\" width=\"40\" height=\"40\"><\/div>\t\t\t\t\t\t\t\t\t\t\t\t\t<\/div>\n\t\t\t\t\t<\/div>\n\t\t\t\t\n\t\t\t\t<div class=\"info-box-content\">\n\t\t\t\t\t\n\t\t\t\t\t\n\t\t\t\t\t<div class=\"info-box-inner reset-last-child\"data-elementor-setting-key=\"content\"><p><strong>Assistance forum<\/strong><br \/><strong>depuis plus de 24 heures<\/strong><\/p>\n<\/div>\n\n\t\t\t\t\t\t\t\t\t<\/div>\n\n\t\t\t\t\t\t\t<\/div>\n\t\t<\/div>\n\t\t\t\t\t\t<\/div>\n\t\t\t\t<\/div>\n\t\t\t\t<div class=\"elementor-element elementor-element-d9d3b68 elementor-widget elementor-widget-wd_infobox\" data-id=\"d9d3b68\" data-element_type=\"widget\" data-e-type=\"widget\" data-widget_type=\"wd_infobox.default\">\n\t\t\t\t<div class=\"elementor-widget-container\">\n\t\t\t\t\t\t\t<div class=\"info-box-wrapper\">\n\t\t\t<div class=\"wd-info-box text-left box-icon-align-left box-style-base color-scheme- wd-items-top\">\n\t\t\t\t\t\t\t\t\t<div class=\"box-icon-wrapper  box-with-icon box-icon-simple\">\n\t\t\t\t\t\t<div class=\"info-box-icon\">\n\t\t\t\t\t\t\t\t\t\t\t\t\t\t\t<div class=\"info-svg-wrapper\" style=\"width:40px; height:40px;\"><img decoding=\"async\"  src=\"https:\/\/www.dockdestock.com\/wp-content\/uploads\/2021\/11\/w-map-placeholder.svg\" title=\"w-map-placeholder\" loading=\"lazy\" width=\"40\" height=\"40\"><\/div>\t\t\t\t\t\t\t\t\t\t\t\t\t<\/div>\n\t\t\t\t\t<\/div>\n\t\t\t\t\n\t\t\t\t<div class=\"info-box-content\">\n\t\t\t\t\t\n\t\t\t\t\t\n\t\t\t\t\t<div class=\"info-box-inner reset-last-child\"data-elementor-setting-key=\"content\"><p><strong>18 Rue de Mundolsheim, Schiltigheim, France<\/strong><\/p>\n<\/div>\n\n\t\t\t\t\t\t\t\t\t<\/div>\n\n\t\t\t\t\t\t\t<\/div>\n\t\t<\/div>\n\t\t\t\t\t\t<\/div>\n\t\t\t\t<\/div>\n\t\t\t\t<\/div>\n\t\t\t\t<\/div>\n\t\t\t\t<div class=\"elementor-element elementor-element-678a0db elementor-widget elementor-widget-wd_text_block\" data-id=\"678a0db\" data-element_type=\"widget\" data-e-type=\"widget\" data-widget_type=\"wd_text_block.default\">\n\t\t\t\t<div class=\"elementor-widget-container\">\n\t\t\t\t\t\t\t<div class=\"wd-text-block reset-last-child text-left color-title\">\n\t\t\t\n\t\t\t<p>Vous avez des questions sur la mani\u00e8re dont nous pouvons aider votre entreprise ?<\/p>\n<p style=\"color: #E85D1A;\">\nEnvoie-nous un e-mail, nous te contacterons dans les plus brefs d\u00e9lais.<\/p>\n\n\t\t\t\t\t<\/div>\n\t\t\t\t\t\t<\/div>\n\t\t\t\t<\/div>\n\t\t\t\t<\/div>\n\t\t\t\t\t<\/div>\n\t\t\t\t<\/div>\n\t\t\t\t<\/div>","protected":false},"excerpt":{"rendered":"<p>SENDEN SIE UNS EINE E-MAIL Kontakt \/ Angebotsanfrage Ihr Name* E-Mail-Adresse* Telefonnummer Produktart* Bitte w\u00e4hlenSeecontainer (Lager)B\u00fcrocontainerSanit\u00e4rcontainerVerkaufscontainerPoolcontainerAnh\u00e4nger \/ Equipment Gr\u00f6\u00dfe Nicht<\/p>","protected":false},"author":1,"featured_media":0,"parent":0,"menu_order":0,"comment_status":"closed","ping_status":"closed","template":"","meta":{"footnotes":""},"class_list":["post-8785","page","type-page","status-publish","hentry"],"yoast_head":"<!-- This site is optimized with the Yoast SEO plugin v27.4 - https:\/\/yoast.com\/product\/yoast-seo-wordpress\/ -->\n<title>Kontakt - Dockdestock<\/title>\n<meta name=\"robots\" content=\"index, follow, max-snippet:-1, max-image-preview:large, max-video-preview:-1\" \/>\n<link rel=\"canonical\" href=\"https:\/\/www.dockdestock.com\/fr\/kontakt\/\" \/>\n<meta property=\"og:locale\" content=\"fr_FR\" \/>\n<meta property=\"og:type\" content=\"article\" \/>\n<meta property=\"og:title\" content=\"Kontakt - Dockdestock\" \/>\n<meta property=\"og:description\" content=\"SENDEN SIE UNS EINE E-MAIL Kontakt \/ Angebotsanfrage Ihr Name* E-Mail-Adresse* Telefonnummer Produktart* Bitte w\u00e4hlenSeecontainer (Lager)B\u00fcrocontainerSanit\u00e4rcontainerVerkaufscontainerPoolcontainerAnh\u00e4nger \/ Equipment Gr\u00f6\u00dfe Nicht\" \/>\n<meta property=\"og:url\" content=\"https:\/\/www.dockdestock.com\/fr\/kontakt\/\" \/>\n<meta property=\"og:site_name\" content=\"Dockdestock\" \/>\n<meta property=\"article:modified_time\" content=\"2026-04-17T14:59:04+00:00\" \/>\n<meta property=\"og:image\" content=\"https:\/\/www.dockdestock.com\/wp-content\/uploads\/2021\/11\/w-cellphone.svg\" \/>\n<meta name=\"twitter:card\" content=\"summary_large_image\" \/>\n<meta name=\"twitter:label1\" content=\"Dur\u00e9e de lecture estim\u00e9e\" \/>\n\t<meta name=\"twitter:data1\" content=\"2 minutes\" \/>\n<script type=\"application\/ld+json\" class=\"yoast-schema-graph\">{\"@context\":\"https:\\\/\\\/schema.org\",\"@graph\":[{\"@type\":\"WebPage\",\"@id\":\"https:\\\/\\\/www.dockdestock.com\\\/kontakt\\\/\",\"url\":\"https:\\\/\\\/www.dockdestock.com\\\/kontakt\\\/\",\"name\":\"Kontakt - Dockdestock\",\"isPartOf\":{\"@id\":\"https:\\\/\\\/www.dockdestock.com\\\/#website\"},\"primaryImageOfPage\":{\"@id\":\"https:\\\/\\\/www.dockdestock.com\\\/kontakt\\\/#primaryimage\"},\"image\":{\"@id\":\"https:\\\/\\\/www.dockdestock.com\\\/kontakt\\\/#primaryimage\"},\"thumbnailUrl\":\"https:\\\/\\\/www.dockdestock.com\\\/wp-content\\\/uploads\\\/2021\\\/11\\\/w-cellphone.svg\",\"datePublished\":\"2021-11-04T15:40:47+00:00\",\"dateModified\":\"2026-04-17T14:59:04+00:00\",\"breadcrumb\":{\"@id\":\"https:\\\/\\\/www.dockdestock.com\\\/kontakt\\\/#breadcrumb\"},\"inLanguage\":\"fr-FR\",\"potentialAction\":[{\"@type\":\"ReadAction\",\"target\":[\"https:\\\/\\\/www.dockdestock.com\\\/kontakt\\\/\"]}]},{\"@type\":\"ImageObject\",\"inLanguage\":\"fr-FR\",\"@id\":\"https:\\\/\\\/www.dockdestock.com\\\/kontakt\\\/#primaryimage\",\"url\":\"https:\\\/\\\/www.dockdestock.com\\\/wp-content\\\/uploads\\\/2021\\\/11\\\/w-cellphone.svg\",\"contentUrl\":\"https:\\\/\\\/www.dockdestock.com\\\/wp-content\\\/uploads\\\/2021\\\/11\\\/w-cellphone.svg\"},{\"@type\":\"BreadcrumbList\",\"@id\":\"https:\\\/\\\/www.dockdestock.com\\\/kontakt\\\/#breadcrumb\",\"itemListElement\":[{\"@type\":\"ListItem\",\"position\":1,\"name\":\"Accueil\",\"item\":\"https:\\\/\\\/www.dockdestock.com\\\/\"},{\"@type\":\"ListItem\",\"position\":2,\"name\":\"Kontakt\"}]},{\"@type\":\"WebSite\",\"@id\":\"https:\\\/\\\/www.dockdestock.com\\\/#website\",\"url\":\"https:\\\/\\\/www.dockdestock.com\\\/\",\"name\":\"Dockdestock\",\"description\":\"Finde bessere Beh\u00e4lter\",\"publisher\":{\"@id\":\"https:\\\/\\\/www.dockdestock.com\\\/#organization\"},\"potentialAction\":[{\"@type\":\"SearchAction\",\"target\":{\"@type\":\"EntryPoint\",\"urlTemplate\":\"https:\\\/\\\/www.dockdestock.com\\\/?s={search_term_string}\"},\"query-input\":{\"@type\":\"PropertyValueSpecification\",\"valueRequired\":true,\"valueName\":\"search_term_string\"}}],\"inLanguage\":\"fr-FR\"},{\"@type\":\"Organization\",\"@id\":\"https:\\\/\\\/www.dockdestock.com\\\/#organization\",\"name\":\"Dockdestock\",\"url\":\"https:\\\/\\\/www.dockdestock.com\\\/\",\"logo\":{\"@type\":\"ImageObject\",\"inLanguage\":\"fr-FR\",\"@id\":\"https:\\\/\\\/www.dockdestock.com\\\/#\\\/schema\\\/logo\\\/image\\\/\",\"url\":\"https:\\\/\\\/www.dockdestock.com\\\/wp-content\\\/uploads\\\/2026\\\/04\\\/cropped-9e63bfaf-7171-497a-945d-4c80f5156688.png\",\"contentUrl\":\"https:\\\/\\\/www.dockdestock.com\\\/wp-content\\\/uploads\\\/2026\\\/04\\\/cropped-9e63bfaf-7171-497a-945d-4c80f5156688.png\",\"width\":512,\"height\":512,\"caption\":\"Dockdestock\"},\"image\":{\"@id\":\"https:\\\/\\\/www.dockdestock.com\\\/#\\\/schema\\\/logo\\\/image\\\/\"}}]}<\/script>\n<!-- \/ Yoast SEO plugin. -->","yoast_head_json":{"title":"Kontakt - Dockdestock","robots":{"index":"index","follow":"follow","max-snippet":"max-snippet:-1","max-image-preview":"max-image-preview:large","max-video-preview":"max-video-preview:-1"},"canonical":"https:\/\/www.dockdestock.com\/fr\/kontakt\/","og_locale":"fr_FR","og_type":"article","og_title":"Kontakt - Dockdestock","og_description":"SENDEN SIE UNS EINE E-MAIL Kontakt \/ Angebotsanfrage Ihr Name* E-Mail-Adresse* Telefonnummer Produktart* Bitte w\u00e4hlenSeecontainer (Lager)B\u00fcrocontainerSanit\u00e4rcontainerVerkaufscontainerPoolcontainerAnh\u00e4nger \/ Equipment Gr\u00f6\u00dfe Nicht","og_url":"https:\/\/www.dockdestock.com\/fr\/kontakt\/","og_site_name":"Dockdestock","article_modified_time":"2026-04-17T14:59:04+00:00","og_image":[{"url":"https:\/\/www.dockdestock.com\/wp-content\/uploads\/2021\/11\/w-cellphone.svg","type":"","width":"","height":""}],"twitter_card":"summary_large_image","twitter_misc":{"Dur\u00e9e de lecture estim\u00e9e":"2 minutes"},"schema":{"@context":"https:\/\/schema.org","@graph":[{"@type":"WebPage","@id":"https:\/\/www.dockdestock.com\/kontakt\/","url":"https:\/\/www.dockdestock.com\/kontakt\/","name":"Kontakt - Dockdestock","isPartOf":{"@id":"https:\/\/www.dockdestock.com\/#website"},"primaryImageOfPage":{"@id":"https:\/\/www.dockdestock.com\/kontakt\/#primaryimage"},"image":{"@id":"https:\/\/www.dockdestock.com\/kontakt\/#primaryimage"},"thumbnailUrl":"https:\/\/www.dockdestock.com\/wp-content\/uploads\/2021\/11\/w-cellphone.svg","datePublished":"2021-11-04T15:40:47+00:00","dateModified":"2026-04-17T14:59:04+00:00","breadcrumb":{"@id":"https:\/\/www.dockdestock.com\/kontakt\/#breadcrumb"},"inLanguage":"fr-FR","potentialAction":[{"@type":"ReadAction","target":["https:\/\/www.dockdestock.com\/kontakt\/"]}]},{"@type":"ImageObject","inLanguage":"fr-FR","@id":"https:\/\/www.dockdestock.com\/kontakt\/#primaryimage","url":"https:\/\/www.dockdestock.com\/wp-content\/uploads\/2021\/11\/w-cellphone.svg","contentUrl":"https:\/\/www.dockdestock.com\/wp-content\/uploads\/2021\/11\/w-cellphone.svg"},{"@type":"BreadcrumbList","@id":"https:\/\/www.dockdestock.com\/kontakt\/#breadcrumb","itemListElement":[{"@type":"ListItem","position":1,"name":"Accueil","item":"https:\/\/www.dockdestock.com\/"},{"@type":"ListItem","position":2,"name":"Kontakt"}]},{"@type":"WebSite","@id":"https:\/\/www.dockdestock.com\/#website","url":"https:\/\/www.dockdestock.com\/","name":"Dockdestock","description":"Finde bessere Beh\u00e4lter","publisher":{"@id":"https:\/\/www.dockdestock.com\/#organization"},"potentialAction":[{"@type":"SearchAction","target":{"@type":"EntryPoint","urlTemplate":"https:\/\/www.dockdestock.com\/?s={search_term_string}"},"query-input":{"@type":"PropertyValueSpecification","valueRequired":true,"valueName":"search_term_string"}}],"inLanguage":"fr-FR"},{"@type":"Organization","@id":"https:\/\/www.dockdestock.com\/#organization","name":"Dockdestock","url":"https:\/\/www.dockdestock.com\/","logo":{"@type":"ImageObject","inLanguage":"fr-FR","@id":"https:\/\/www.dockdestock.com\/#\/schema\/logo\/image\/","url":"https:\/\/www.dockdestock.com\/wp-content\/uploads\/2026\/04\/cropped-9e63bfaf-7171-497a-945d-4c80f5156688.png","contentUrl":"https:\/\/www.dockdestock.com\/wp-content\/uploads\/2026\/04\/cropped-9e63bfaf-7171-497a-945d-4c80f5156688.png","width":512,"height":512,"caption":"Dockdestock"},"image":{"@id":"https:\/\/www.dockdestock.com\/#\/schema\/logo\/image\/"}}]}},"_links":{"self":[{"href":"https:\/\/www.dockdestock.com\/fr\/wp-json\/wp\/v2\/pages\/8785","targetHints":{"allow":["GET"]}}],"collection":[{"href":"https:\/\/www.dockdestock.com\/fr\/wp-json\/wp\/v2\/pages"}],"about":[{"href":"https:\/\/www.dockdestock.com\/fr\/wp-json\/wp\/v2\/types\/page"}],"author":[{"embeddable":true,"href":"https:\/\/www.dockdestock.com\/fr\/wp-json\/wp\/v2\/users\/1"}],"replies":[{"embeddable":true,"href":"https:\/\/www.dockdestock.com\/fr\/wp-json\/wp\/v2\/comments?post=8785"}],"version-history":[{"count":19,"href":"https:\/\/www.dockdestock.com\/fr\/wp-json\/wp\/v2\/pages\/8785\/revisions"}],"predecessor-version":[{"id":29797,"href":"https:\/\/www.dockdestock.com\/fr\/wp-json\/wp\/v2\/pages\/8785\/revisions\/29797"}],"wp:attachment":[{"href":"https:\/\/www.dockdestock.com\/fr\/wp-json\/wp\/v2\/media?parent=8785"}],"curies":[{"name":"wp","href":"https:\/\/api.w.org\/{rel}","templated":true}]}}